{"id":756,"date":"2026-02-19T18:28:22","date_gmt":"2026-02-19T17:28:22","guid":{"rendered":"http:\/\/ggs-carl-schurz.de\/?page_id=756"},"modified":"2026-02-19T18:28:24","modified_gmt":"2026-02-19T17:28:24","slug":"theater-fuer-dich-und-mich","status":"publish","type":"page","link":"http:\/\/ggs-carl-schurz.de\/?page_id=756","title":{"rendered":"Theater f\u00fcr dich und mich"},"content":{"rendered":"\n<p>Das Projekt \u201eTheater f\u00fcr dich und mich\u201c der B\u00fcrgerstiftung Bonn erm\u00f6glicht Kindern aus Grundschulen den Besuch von Theaterauff\u00fchrungen. Sie werden von ehrenamtlichen Pat*innen begleitet, die auch die Kosten f\u00fcr vier bis f\u00fcnf Theaterbesuche pro Saison tragen.<\/p>\n\n\n\n<p>Weitere Infos unter <a rel=\"noreferrer noopener\" href=\"https:\/\/www.buergerstiftung-bonn.de\/projekte\/theater-fuer-dich-und-mich\" target=\"_blank\">https:\/\/www.buergerstiftung-bonn.de\/projekte\/theater-fuer-dich-und-mich<\/a><\/p>\n\n\n\n<figure class=\"wp-block-image size-large is-resized\"><a href=\"http:\/\/ggs-carl-schurz.de\/wp-content\/uploads\/2026\/02\/Logo_TheaterFuerDichUndMich_Final_Weiss_RGB.jpg\"><img loading=\"lazy\" decoding=\"async\" width=\"1024\" height=\"1024\" src=\"http:\/\/ggs-carl-schurz.de\/wp-content\/uploads\/2026\/02\/Logo_TheaterFuerDichUndMich_Final_Weiss_RGB-1024x1024.jpg\" alt=\"\" class=\"wp-image-757\" style=\"width:345px;height:auto\" srcset=\"http:\/\/ggs-carl-schurz.de\/wp-content\/uploads\/2026\/02\/Logo_TheaterFuerDichUndMich_Final_Weiss_RGB-1024x1024.jpg 1024w, http:\/\/ggs-carl-schurz.de\/wp-content\/uploads\/2026\/02\/Logo_TheaterFuerDichUndMich_Final_Weiss_RGB-300x300.jpg 300w, http:\/\/ggs-carl-schurz.de\/wp-content\/uploads\/2026\/02\/Logo_TheaterFuerDichUndMich_Final_Weiss_RGB-150x150.jpg 150w, http:\/\/ggs-carl-schurz.de\/wp-content\/uploads\/2026\/02\/Logo_TheaterFuerDichUndMich_Final_Weiss_RGB-768x768.jpg 768w, http:\/\/ggs-carl-schurz.de\/wp-content\/uploads\/2026\/02\/Logo_TheaterFuerDichUndMich_Final_Weiss_RGB-1536x1536.jpg 1536w, http:\/\/ggs-carl-schurz.de\/wp-content\/uploads\/2026\/02\/Logo_TheaterFuerDichUndMich_Final_Weiss_RGB-2048x2048.jpg 2048w\" sizes=\"auto, (max-width: 1024px) 100vw, 1024px\" \/><\/a><\/figure>\n","protected":false},"excerpt":{"rendered":"<p>Das Projekt \u201eTheater f\u00fcr dich und mich\u201c der B\u00fcrgerstiftung Bonn erm\u00f6glicht Kindern aus Grundschulen den Besuch von Theaterauff\u00fchrungen. Sie werden von ehrenamtlichen Pat*innen begleitet, die auch die Kosten f\u00fcr vier [&hellip;]<\/p>\n","protected":false},"author":1,"featured_media":0,"parent":0,"menu_order":0,"comment_status":"closed","ping_status":"closed","template":"","meta":{"footnotes":""},"class_list":["post-756","page","type-page","status-publish","hentry"],"_links":{"self":[{"href":"http:\/\/ggs-carl-schurz.de\/index.php?rest_route=\/wp\/v2\/pages\/756","targetHints":{"allow":["GET"]}}],"collection":[{"href":"http:\/\/ggs-carl-schurz.de\/index.php?rest_route=\/wp\/v2\/pages"}],"about":[{"href":"http:\/\/ggs-carl-schurz.de\/index.php?rest_route=\/wp\/v2\/types\/page"}],"author":[{"embeddable":true,"href":"http:\/\/ggs-carl-schurz.de\/index.php?rest_route=\/wp\/v2\/users\/1"}],"replies":[{"embeddable":true,"href":"http:\/\/ggs-carl-schurz.de\/index.php?rest_route=%2Fwp%2Fv2%2Fcomments&post=756"}],"version-history":[{"count":1,"href":"http:\/\/ggs-carl-schurz.de\/index.php?rest_route=\/wp\/v2\/pages\/756\/revisions"}],"predecessor-version":[{"id":758,"href":"http:\/\/ggs-carl-schurz.de\/index.php?rest_route=\/wp\/v2\/pages\/756\/revisions\/758"}],"wp:attachment":[{"href":"http:\/\/ggs-carl-schurz.de\/index.php?rest_route=%2Fwp%2Fv2%2Fmedia&parent=756"}],"curies":[{"name":"wp","href":"https:\/\/api.w.org\/{rel}","templated":true}]}}