{"id":748,"date":"2026-02-19T16:06:24","date_gmt":"2026-02-19T15:06:24","guid":{"rendered":"http:\/\/ggs-carl-schurz.de\/?page_id=748"},"modified":"2026-02-19T16:06:26","modified_gmt":"2026-02-19T15:06:26","slug":"gross-klein","status":"publish","type":"page","link":"http:\/\/ggs-carl-schurz.de\/?page_id=748","title":{"rendered":"Gro\u00df &amp; Klein"},"content":{"rendered":"\n<p>Das Projekt \u201eGro\u00df &amp; Klein\u201c der B\u00fcrgerstiftung Bonn f\u00f6rdert das ehrenamtliche Engagement an Bonner Grundschulen, um Kinder zu st\u00e4rken. Ehrenamtliche Schulpat*innen unterst\u00fctzen Lehrkr\u00e4fte z.B. durch Vorlesen, Nachhilfe oder Sprachf\u00f6rderung, ohne deren Aufgaben zu \u00fcbernehmen.<\/p>\n\n\n\n<p>Weitere Infos unter <a rel=\"noreferrer noopener\" href=\"https:\/\/www.buergerstiftung-bonn.de\/projekte\/gross-klein\" target=\"_blank\">https:\/\/www.buergerstiftung-bonn.de\/projekte\/gross-klein<\/a><\/p>\n\n\n\n<figure class=\"wp-block-image size-large is-resized\"><a href=\"http:\/\/ggs-carl-schurz.de\/wp-content\/uploads\/2026\/02\/Gross-und-Klein_Logo_CMYK_10cm_300dpi.jpg\"><img loading=\"lazy\" decoding=\"async\" width=\"1024\" height=\"929\" src=\"http:\/\/ggs-carl-schurz.de\/wp-content\/uploads\/2026\/02\/Gross-und-Klein_Logo_CMYK_10cm_300dpi-1024x929.jpg\" alt=\"\" class=\"wp-image-749\" style=\"aspect-ratio:1.1022657920661236;width:255px;height:auto\" srcset=\"http:\/\/ggs-carl-schurz.de\/wp-content\/uploads\/2026\/02\/Gross-und-Klein_Logo_CMYK_10cm_300dpi-1024x929.jpg 1024w, http:\/\/ggs-carl-schurz.de\/wp-content\/uploads\/2026\/02\/Gross-und-Klein_Logo_CMYK_10cm_300dpi-300x272.jpg 300w, http:\/\/ggs-carl-schurz.de\/wp-content\/uploads\/2026\/02\/Gross-und-Klein_Logo_CMYK_10cm_300dpi-768x697.jpg 768w, http:\/\/ggs-carl-schurz.de\/wp-content\/uploads\/2026\/02\/Gross-und-Klein_Logo_CMYK_10cm_300dpi.jpg 1181w\" sizes=\"auto, (max-width: 1024px) 100vw, 1024px\" \/><\/a><\/figure>\n","protected":false},"excerpt":{"rendered":"<p>Das Projekt \u201eGro\u00df &amp; Klein\u201c der B\u00fcrgerstiftung Bonn f\u00f6rdert das ehrenamtliche Engagement an Bonner Grundschulen, um Kinder zu st\u00e4rken. Ehrenamtliche Schulpat*innen unterst\u00fctzen Lehrkr\u00e4fte z.B. durch Vorlesen, Nachhilfe oder Sprachf\u00f6rderung, ohne [&hellip;]<\/p>\n","protected":false},"author":1,"featured_media":0,"parent":0,"menu_order":0,"comment_status":"closed","ping_status":"closed","template":"","meta":{"footnotes":""},"class_list":["post-748","page","type-page","status-publish","hentry"],"_links":{"self":[{"href":"http:\/\/ggs-carl-schurz.de\/index.php?rest_route=\/wp\/v2\/pages\/748","targetHints":{"allow":["GET"]}}],"collection":[{"href":"http:\/\/ggs-carl-schurz.de\/index.php?rest_route=\/wp\/v2\/pages"}],"about":[{"href":"http:\/\/ggs-carl-schurz.de\/index.php?rest_route=\/wp\/v2\/types\/page"}],"author":[{"embeddable":true,"href":"http:\/\/ggs-carl-schurz.de\/index.php?rest_route=\/wp\/v2\/users\/1"}],"replies":[{"embeddable":true,"href":"http:\/\/ggs-carl-schurz.de\/index.php?rest_route=%2Fwp%2Fv2%2Fcomments&post=748"}],"version-history":[{"count":1,"href":"http:\/\/ggs-carl-schurz.de\/index.php?rest_route=\/wp\/v2\/pages\/748\/revisions"}],"predecessor-version":[{"id":750,"href":"http:\/\/ggs-carl-schurz.de\/index.php?rest_route=\/wp\/v2\/pages\/748\/revisions\/750"}],"wp:attachment":[{"href":"http:\/\/ggs-carl-schurz.de\/index.php?rest_route=%2Fwp%2Fv2%2Fmedia&parent=748"}],"curies":[{"name":"wp","href":"https:\/\/api.w.org\/{rel}","templated":true}]}}