{"id":196,"date":"2018-01-26T20:42:42","date_gmt":"2018-01-26T19:42:42","guid":{"rendered":"http:\/\/ggs-carl-schurz.de\/?page_id=196"},"modified":"2018-03-05T13:29:09","modified_gmt":"2018-03-05T12:29:09","slug":"mitglied-werden","status":"publish","type":"page","link":"http:\/\/ggs-carl-schurz.de\/?page_id=196","title":{"rendered":"Werde Mitglied!"},"content":{"rendered":"<p><em>-Mitgliedsantr\u00e4ge sind hier in K\u00fcrze herunterzuladen.-<\/em><\/p>\n<p>&nbsp;<\/p>\n<p>Zweckgebundene Spenden k\u00f6nnen unter Angabe des Verwendungszwecks auf folgendes Konto \u00fcberwiesen werden:<\/p>\n<p>Kontoinhaber: Verein der Freunde und F\u00f6rderer der GGS Carl-Schurz-Schule<br \/>\nIBAN: DE41 3705 0198 0044 0047 94<br \/>\nKreditinstitut: Sparkasse K\u00f6ln\/Bonn<\/p>\n","protected":false},"excerpt":{"rendered":"<p>-Mitgliedsantr\u00e4ge sind hier in K\u00fcrze herunterzuladen.- &nbsp; Zweckgebundene Spenden k\u00f6nnen unter Angabe des Verwendungszwecks auf folgendes Konto \u00fcberwiesen werden: Kontoinhaber: Verein der Freunde und F\u00f6rderer der GGS Carl-Schurz-Schule IBAN: DE41 [&hellip;]<\/p>\n","protected":false},"author":1,"featured_media":0,"parent":53,"menu_order":0,"comment_status":"closed","ping_status":"closed","template":"","meta":{"footnotes":""},"class_list":["post-196","page","type-page","status-publish","hentry"],"_links":{"self":[{"href":"http:\/\/ggs-carl-schurz.de\/index.php?rest_route=\/wp\/v2\/pages\/196","targetHints":{"allow":["GET"]}}],"collection":[{"href":"http:\/\/ggs-carl-schurz.de\/index.php?rest_route=\/wp\/v2\/pages"}],"about":[{"href":"http:\/\/ggs-carl-schurz.de\/index.php?rest_route=\/wp\/v2\/types\/page"}],"author":[{"embeddable":true,"href":"http:\/\/ggs-carl-schurz.de\/index.php?rest_route=\/wp\/v2\/users\/1"}],"replies":[{"embeddable":true,"href":"http:\/\/ggs-carl-schurz.de\/index.php?rest_route=%2Fwp%2Fv2%2Fcomments&post=196"}],"version-history":[{"count":7,"href":"http:\/\/ggs-carl-schurz.de\/index.php?rest_route=\/wp\/v2\/pages\/196\/revisions"}],"predecessor-version":[{"id":283,"href":"http:\/\/ggs-carl-schurz.de\/index.php?rest_route=\/wp\/v2\/pages\/196\/revisions\/283"}],"up":[{"embeddable":true,"href":"http:\/\/ggs-carl-schurz.de\/index.php?rest_route=\/wp\/v2\/pages\/53"}],"wp:attachment":[{"href":"http:\/\/ggs-carl-schurz.de\/index.php?rest_route=%2Fwp%2Fv2%2Fmedia&parent=196"}],"curies":[{"name":"wp","href":"https:\/\/api.w.org\/{rel}","templated":true}]}}