{"id":194,"date":"2018-01-26T20:42:22","date_gmt":"2018-01-26T19:42:22","guid":{"rendered":"http:\/\/ggs-carl-schurz.de\/?page_id=194"},"modified":"2018-03-05T13:29:46","modified_gmt":"2018-03-05T12:29:46","slug":"huehnerpate-werden","status":"publish","type":"page","link":"http:\/\/ggs-carl-schurz.de\/?page_id=194","title":{"rendered":"Werde H\u00fchnerpate!"},"content":{"rendered":"<p>Wir freuen uns, dass Sie sich f\u00fcr eine H\u00fchnerpatenschaft interessieren und unser Projekt unterst\u00fctzen wollen.<\/p>\n<p>Sie haben noch die M\u00f6glichkeit f\u00fcr folgende H\u00fchner eine Patenschaft zu \u00fcbernehmen:<\/p>\n<p>&nbsp;<\/p>\n<p><em>Bilder folgen<\/em><\/p>\n<p>&nbsp;<\/p>\n<p>Der Beitrag f\u00fcr eine h\u00fchnerlebenslange Patenschaft betr\u00e4gt monatlich 5\u20ac. Nat\u00fcrlich sind auch Jahrespatenschaften m\u00f6glich &#8211; der Betrag bel\u00e4uft sich entsprechend auf 60\u20ac.<\/p>\n<p>Mit dem Betrag werden folgende Kosten f\u00fcr das gew\u00e4hlte Huhn getragen:<\/p>\n<ul>\n<li>Futter<\/li>\n<li>Einstreu<\/li>\n<li>Tierarztkosten<\/li>\n<\/ul>\n<p>Bei Interesse nehmen Sie gerne \u00fcber unsere e-Mail-Adresse der Schule (<a href=\"mailto:carl-schurz-ggs@schulen-bonn.de\">carl-schurz-ggs@schulen-bonn.de<\/a>) Kontakt mit uns auf. Ansprechpartner sind: C. K\u00f6se und D. Jakubik<\/p>\n","protected":false},"excerpt":{"rendered":"<p>Wir freuen uns, dass Sie sich f\u00fcr eine H\u00fchnerpatenschaft interessieren und unser Projekt unterst\u00fctzen wollen. Sie haben noch die M\u00f6glichkeit f\u00fcr folgende H\u00fchner eine Patenschaft zu \u00fcbernehmen: &nbsp; Bilder folgen [&hellip;]<\/p>\n","protected":false},"author":1,"featured_media":0,"parent":55,"menu_order":0,"comment_status":"closed","ping_status":"closed","template":"","meta":{"footnotes":""},"class_list":["post-194","page","type-page","status-publish","hentry"],"_links":{"self":[{"href":"http:\/\/ggs-carl-schurz.de\/index.php?rest_route=\/wp\/v2\/pages\/194","targetHints":{"allow":["GET"]}}],"collection":[{"href":"http:\/\/ggs-carl-schurz.de\/index.php?rest_route=\/wp\/v2\/pages"}],"about":[{"href":"http:\/\/ggs-carl-schurz.de\/index.php?rest_route=\/wp\/v2\/types\/page"}],"author":[{"embeddable":true,"href":"http:\/\/ggs-carl-schurz.de\/index.php?rest_route=\/wp\/v2\/users\/1"}],"replies":[{"embeddable":true,"href":"http:\/\/ggs-carl-schurz.de\/index.php?rest_route=%2Fwp%2Fv2%2Fcomments&post=194"}],"version-history":[{"count":6,"href":"http:\/\/ggs-carl-schurz.de\/index.php?rest_route=\/wp\/v2\/pages\/194\/revisions"}],"predecessor-version":[{"id":284,"href":"http:\/\/ggs-carl-schurz.de\/index.php?rest_route=\/wp\/v2\/pages\/194\/revisions\/284"}],"up":[{"embeddable":true,"href":"http:\/\/ggs-carl-schurz.de\/index.php?rest_route=\/wp\/v2\/pages\/55"}],"wp:attachment":[{"href":"http:\/\/ggs-carl-schurz.de\/index.php?rest_route=%2Fwp%2Fv2%2Fmedia&parent=194"}],"curies":[{"name":"wp","href":"https:\/\/api.w.org\/{rel}","templated":true}]}}