{"id":192,"date":"2018-01-26T20:41:52","date_gmt":"2018-01-26T19:41:52","guid":{"rendered":"http:\/\/ggs-carl-schurz.de\/?page_id=192"},"modified":"2019-02-18T10:14:28","modified_gmt":"2019-02-18T09:14:28","slug":"konzept","status":"publish","type":"page","link":"http:\/\/ggs-carl-schurz.de\/?page_id=192","title":{"rendered":"Konzept"},"content":{"rendered":"<p><em>&#8211; Kurzfassung &#8211;<\/em><\/p>\n<p><strong><u>H\u00fchnerprojekt<\/u><\/strong><\/p>\n<p>Das H\u00fchnerprojekt ist ein Projekt f\u00fcr die gesamte Schulgemeinschaft.<\/p>\n<p>In einem zweiw\u00f6chentlichen Rhythmus werden die H\u00fchner von den Kindern der Lerngruppen gepflegt und betreut. Die Kinder sollen sich in diesen zwei Wochen m\u00f6glichst eigenverantwortlich um die H\u00fchner k\u00fcmmern. Sie werden dazu von einem Lehrer der Schule angeleitet und stellenweise durch diesen und eine*n FSJLer*in begleitet.<\/p>\n<p><em><u>Schwerpunkte:<\/u><\/em><\/p>\n<ol>\n<li><em> Woche:<\/em><\/li>\n<\/ol>\n<ul>\n<li>Hygienevorschriften<\/li>\n<li>Verhaltensregeln<\/li>\n<li>Verpflegung der H\u00fchner<\/li>\n<li>Beobachtung der H\u00fchner (Gesundheitskontrolle)<\/li>\n<li>Eientnahme und f\u00fchren der Eierstatistik<\/li>\n<li>Einteilung der verschiedenen Gruppen mit unterschiedlichen Zust\u00e4ndigkeiten:\n<ul>\n<li>Die<strong> Tier\u00e4rzte<\/strong> sind daf\u00fcr zust\u00e4ndig den allgemeinen Gesundheitszustand der H\u00fchner zu kontrollieren.<\/li>\n<li>Die<strong> Securities <\/strong>sind zust\u00e4ndig f\u00fcr die Begutachtung des Stalls und des Geheges.<\/li>\n<li>Die <strong>Putzkolonne<\/strong> wird f\u00fcr die S\u00e4uberung des Stalls zusammengestellt.<\/li>\n<li>Die<strong> Tierpfleger<\/strong> sind f\u00fcr die F\u00fctterung und Tr\u00e4nkung der H\u00fchner zust\u00e4ndig (inkl. Reste vom Obstdienst).<\/li>\n<li>Die<strong> Eierdiebe<\/strong> entnehmen regelm\u00e4\u00dfig die Eier aus den Legenestern des H\u00fchnerstalls und lagern diese sachgerecht in den daf\u00fcr vorgesehenen Mehrweg-Eierboxen.<\/li>\n<\/ul>\n<\/li>\n<\/ul>\n<p>(Alle Dienste erfolgen unter Aufsicht eines sachkundigen Mitarbeiters)<\/p>\n<ol start=\"2\">\n<li><em> Woche: <\/em><\/li>\n<\/ol>\n<ul>\n<li>Stallpflege<\/li>\n<li>Eientnahme und Dokumentation (s.o.)<\/li>\n<li>Kontrolle des Geheges<\/li>\n<li>Gesundheitskontrolle<\/li>\n<li>Dokumentation der ausgef\u00fchrten Arbeiten<\/li>\n<li>Eierverwertung<\/li>\n<\/ul>\n<p>Das grundlegende Wissen \u00fcber H\u00fchner und H\u00fchnerhaltung wird im Rahmen des f\u00e4cher\u00fcbergreifenden Regelunterrichts vermittelt und ist fest im schulinternen Curriculum verankert.<\/p>\n","protected":false},"excerpt":{"rendered":"<p>&#8211; Kurzfassung &#8211; H\u00fchnerprojekt Das H\u00fchnerprojekt ist ein Projekt f\u00fcr die gesamte Schulgemeinschaft. In einem zweiw\u00f6chentlichen Rhythmus werden die H\u00fchner von den Kindern der Lerngruppen gepflegt und betreut. Die Kinder [&hellip;]<\/p>\n","protected":false},"author":1,"featured_media":0,"parent":55,"menu_order":0,"comment_status":"closed","ping_status":"closed","template":"","meta":{"footnotes":""},"class_list":["post-192","page","type-page","status-publish","hentry"],"_links":{"self":[{"href":"http:\/\/ggs-carl-schurz.de\/index.php?rest_route=\/wp\/v2\/pages\/192","targetHints":{"allow":["GET"]}}],"collection":[{"href":"http:\/\/ggs-carl-schurz.de\/index.php?rest_route=\/wp\/v2\/pages"}],"about":[{"href":"http:\/\/ggs-carl-schurz.de\/index.php?rest_route=\/wp\/v2\/types\/page"}],"author":[{"embeddable":true,"href":"http:\/\/ggs-carl-schurz.de\/index.php?rest_route=\/wp\/v2\/users\/1"}],"replies":[{"embeddable":true,"href":"http:\/\/ggs-carl-schurz.de\/index.php?rest_route=%2Fwp%2Fv2%2Fcomments&post=192"}],"version-history":[{"count":12,"href":"http:\/\/ggs-carl-schurz.de\/index.php?rest_route=\/wp\/v2\/pages\/192\/revisions"}],"predecessor-version":[{"id":400,"href":"http:\/\/ggs-carl-schurz.de\/index.php?rest_route=\/wp\/v2\/pages\/192\/revisions\/400"}],"up":[{"embeddable":true,"href":"http:\/\/ggs-carl-schurz.de\/index.php?rest_route=\/wp\/v2\/pages\/55"}],"wp:attachment":[{"href":"http:\/\/ggs-carl-schurz.de\/index.php?rest_route=%2Fwp%2Fv2%2Fmedia&parent=192"}],"curies":[{"name":"wp","href":"https:\/\/api.w.org\/{rel}","templated":true}]}}