{"id":123,"date":"2018-01-25T20:06:13","date_gmt":"2018-01-25T19:06:13","guid":{"rendered":"http:\/\/ggs-carl-schurz.de\/?page_id=123"},"modified":"2020-12-11T19:52:08","modified_gmt":"2020-12-11T18:52:08","slug":"willkommen","status":"publish","type":"page","link":"http:\/\/ggs-carl-schurz.de\/","title":{"rendered":"Willkommen"},"content":{"rendered":"<p>Herzlich Willkommen auf der Homepage der Gemeinschaftsgrundschule Carl Schurz in Bonn-Tannenbusch! Auf den verschiedenen Seiten stellen wir uns vor. Vielen Dank f\u00fcr Ihr Interesse!<\/p>\n<p><strong>Aktuelle Infos:<\/strong><\/p>\n<ul class=\"display-posts-listing\"><li class=\"listing-item\"><a class=\"title\" href=\"http:\/\/ggs-carl-schurz.de\/?p=700\">Tannenbuscher Karnevalszug<\/a> <span class=\"excerpt-dash\">-<\/span> <span class=\"excerpt\">Karnevalszug am 11. Februar 2023 Tannenbusch: Alaaf Carl-Schurz-Schule: Alaaf Jecke Sonnenblumen: Alaaf Im Vorfeld wurde an mehreren Nachmittagen die blumigen Kost\u00fcme gebastelt. Die Inspiration kam vom Schulacker vor dem Haupteingang: [&hellip;]<\/span><\/li><li class=\"listing-item\"><a class=\"title\" href=\"http:\/\/ggs-carl-schurz.de\/?p=684\">Aktion White Friday &#8211; wei\u00dfe Fahnen!<\/a> <span class=\"excerpt-dash\">-<\/span> <span class=\"excerpt\">Auch an unserer Schule haben sich Kolleg*innen an der Aktion &#8222;White Friday &#8211; wei\u00dfe Fahnen!&#8220; beteiligt und wei\u00dfe T\u00fccher aus den Klassenr\u00e4umen geh\u00e4ngt. N\u00e4here Infos zur Aktion findet man hier.<\/span><\/li><li class=\"listing-item\"><a class=\"title\" href=\"http:\/\/ggs-carl-schurz.de\/?p=670\">Distanzunterricht ab Montag<\/a> <span class=\"excerpt-dash\">-<\/span> <span class=\"excerpt\">Liebe Eltern, wir w\u00fcnschen Ihnen ein frohes neues Jahr! So turbulent wie das letzte geendet ist, so starten wir auch in das neue Jahr. Wir sind \u00fcberzeugt, dass wir auch [&hellip;]<\/span><\/li><li class=\"listing-item\"><a class=\"title\" href=\"http:\/\/ggs-carl-schurz.de\/?p=659\">Befreiung vom Unterricht<\/a> <span class=\"excerpt-dash\">-<\/span> <span class=\"excerpt\">Liebe Eltern, heute hat das Ministerium f\u00fcr Schule und Bildung des Landes Nordrhein-Westfalen uns dar\u00fcber informiert, dass Sie als Eltern Ihre Kinder vom Pr\u00e4senzunterricht (14.12.20 bis 18.12.20) befreien lassen k\u00f6nnen. [&hellip;]<\/span><\/li><li class=\"listing-item\"><a class=\"title\" href=\"http:\/\/ggs-carl-schurz.de\/?p=654\">Liebe Eltern,<\/a> <span class=\"excerpt-dash\">-<\/span> <span class=\"excerpt\">bald stehen die Anmeldungen f\u00fcr unsere Schulneulinge an. Diese finden dieses Jahr etwas anders statt als sonst. Eltern, die ihr Kind bei uns anmelden m\u00f6chten, melden sich bitte bis zum [&hellip;]<\/span><\/li><li class=\"listing-item\"><a class=\"title\" href=\"http:\/\/ggs-carl-schurz.de\/?p=642\">3. Pflanztermin und Besuch von WDR und General Anzeiger<\/a> <span class=\"excerpt-dash\">-<\/span> <span class=\"excerpt\">Am 31.08.2020 fand der 3. Pflanztermin auf unserem Acker statt. Daf\u00fcr kamen wieder unsere Helfer*innen der Ackerdemie zu Besuch und unterst\u00fctzten uns beim S\u00e4en von Chinakohl, Feldsalat, Stoppelr\u00fcben, Radischen und [&hellip;]<\/span><\/li><li class=\"listing-item\"><a class=\"title\" href=\"http:\/\/ggs-carl-schurz.de\/?p=632\">Aktion Sonnenblumen<\/a> <span class=\"excerpt-dash\">-<\/span> <span class=\"excerpt\">Neben dem Gem\u00fcse, darf es auf dem Acker auch nicht an bunten Blumen fehlen. Daf\u00fcr wurden Sonnenblumenkerne, Erde und eine Anleitung an alle Sch\u00fcler*innen verteilt. Die Samen werden Zuhause ges\u00e4t [&hellip;]<\/span><\/li><li class=\"listing-item\"><a class=\"title\" href=\"http:\/\/ggs-carl-schurz.de\/?p=618\">1. Pflanztermin<\/a> <span class=\"excerpt-dash\">-<\/span> <span class=\"excerpt\">Dann war es endlich soweit! Der erste Termin zum Bepflanzen stand an. Leider ohne die Teilnahme der Kinder, was alle traurig stimmte. Trotzdem wurde an zwei Tagen bei strahlendem Sonnenschein [&hellip;]<\/span><\/li><li class=\"listing-item\"><a class=\"title\" href=\"http:\/\/ggs-carl-schurz.de\/?p=614\">Die Ackereinrichtung&#8230;<\/a> <span class=\"excerpt-dash\">-<\/span> <span class=\"excerpt\">Trotz der Schlie\u00dfung der Schule und den allgemeinen Widrigkeiten in Zeiten von Corona, konnten wir mit unserem Gem\u00fcseacker weitermachen. Vor allem dank zahlreicher engagierter Helfer*innen, die uns unter die Arme [&hellip;]<\/span><\/li><li class=\"listing-item\"><a class=\"title\" href=\"http:\/\/ggs-carl-schurz.de\/?p=603\">Karnevalsr\u00fcckblick<\/a> <span class=\"excerpt-dash\">-<\/span> <span class=\"excerpt\">Karnevalszoch in Tannenbusch: Alaaf! Carl-Schurz-Schule: Alaaf! Jecke Schneem\u00e4nner: Alaaf! 30 Schneem\u00e4nner-Kids und 10 erwachsene Schneem\u00e4nner trafen gegen 14.30h am Sammelplatz ein. Unsere Verkleidung haben wir dieses Jahr aus einem Maleranzug [&hellip;]<\/span><\/li><\/ul>\n<p><a href=\"http:\/\/ggs-carl-schurz.de\/wp-content\/uploads\/2020\/02\/GA_AckerSchule_rgb.png\"><img loading=\"lazy\" decoding=\"async\" class=\"wp-image-537 alignleft\" src=\"http:\/\/ggs-carl-schurz.de\/wp-content\/uploads\/2020\/02\/GA_AckerSchule_rgb.png\" alt=\"\" width=\"223\" height=\"117\" \/><\/a><a href=\"http:\/\/ggs-carl-schurz.de\/wp-content\/uploads\/2019\/02\/Schule_der_Zukunft_angemeldet_2016-2020.png\"><img loading=\"lazy\" decoding=\"async\" class=\"wp-image-350 alignnone\" src=\"http:\/\/ggs-carl-schurz.de\/wp-content\/uploads\/2019\/02\/Schule_der_Zukunft_angemeldet_2016-2020.png\" alt=\"\" width=\"161\" height=\"135\" srcset=\"http:\/\/ggs-carl-schurz.de\/wp-content\/uploads\/2019\/02\/Schule_der_Zukunft_angemeldet_2016-2020.png 1750w, http:\/\/ggs-carl-schurz.de\/wp-content\/uploads\/2019\/02\/Schule_der_Zukunft_angemeldet_2016-2020-300x252.png 300w, http:\/\/ggs-carl-schurz.de\/wp-content\/uploads\/2019\/02\/Schule_der_Zukunft_angemeldet_2016-2020-768x645.png 768w, http:\/\/ggs-carl-schurz.de\/wp-content\/uploads\/2019\/02\/Schule_der_Zukunft_angemeldet_2016-2020-1024x860.png 1024w\" sizes=\"auto, (max-width: 161px) 100vw, 161px\" \/><\/a><a href=\"http:\/\/ggs-carl-schurz.de\/wp-content\/uploads\/2020\/12\/Banner.jpg\"> \u00a0\u00a0\u00a0\u00a0\u00a0\u00a0\u00a0\u00a0\u00a0 <img loading=\"lazy\" decoding=\"async\" class=\"wp-image-666 alignnone\" src=\"http:\/\/ggs-carl-schurz.de\/wp-content\/uploads\/2020\/12\/Banner.jpg\" alt=\"\" width=\"294\" height=\"125\" srcset=\"http:\/\/ggs-carl-schurz.de\/wp-content\/uploads\/2020\/12\/Banner.jpg 1815w, http:\/\/ggs-carl-schurz.de\/wp-content\/uploads\/2020\/12\/Banner-300x128.jpg 300w, http:\/\/ggs-carl-schurz.de\/wp-content\/uploads\/2020\/12\/Banner-1024x436.jpg 1024w, http:\/\/ggs-carl-schurz.de\/wp-content\/uploads\/2020\/12\/Banner-768x327.jpg 768w, http:\/\/ggs-carl-schurz.de\/wp-content\/uploads\/2020\/12\/Banner-1536x653.jpg 1536w\" sizes=\"auto, (max-width: 294px) 100vw, 294px\" \/><\/a><\/p>\n","protected":false},"excerpt":{"rendered":"<p>Herzlich Willkommen auf der Homepage der Gemeinschaftsgrundschule Carl Schurz in Bonn-Tannenbusch! Auf den verschiedenen Seiten stellen wir uns vor. Vielen Dank f\u00fcr Ihr Interesse! Aktuelle Infos: \u00a0\u00a0\u00a0\u00a0\u00a0\u00a0\u00a0\u00a0\u00a0<\/p>\n","protected":false},"author":1,"featured_media":0,"parent":0,"menu_order":0,"comment_status":"closed","ping_status":"closed","template":"","meta":{"footnotes":""},"class_list":["post-123","page","type-page","status-publish","hentry"],"_links":{"self":[{"href":"http:\/\/ggs-carl-schurz.de\/index.php?rest_route=\/wp\/v2\/pages\/123","targetHints":{"allow":["GET"]}}],"collection":[{"href":"http:\/\/ggs-carl-schurz.de\/index.php?rest_route=\/wp\/v2\/pages"}],"about":[{"href":"http:\/\/ggs-carl-schurz.de\/index.php?rest_route=\/wp\/v2\/types\/page"}],"author":[{"embeddable":true,"href":"http:\/\/ggs-carl-schurz.de\/index.php?rest_route=\/wp\/v2\/users\/1"}],"replies":[{"embeddable":true,"href":"http:\/\/ggs-carl-schurz.de\/index.php?rest_route=%2Fwp%2Fv2%2Fcomments&post=123"}],"version-history":[{"count":23,"href":"http:\/\/ggs-carl-schurz.de\/index.php?rest_route=\/wp\/v2\/pages\/123\/revisions"}],"predecessor-version":[{"id":668,"href":"http:\/\/ggs-carl-schurz.de\/index.php?rest_route=\/wp\/v2\/pages\/123\/revisions\/668"}],"wp:attachment":[{"href":"http:\/\/ggs-carl-schurz.de\/index.php?rest_route=%2Fwp%2Fv2%2Fmedia&parent=123"}],"curies":[{"name":"wp","href":"https:\/\/api.w.org\/{rel}","templated":true}]}}